{"id":135,"date":"2013-03-28T18:35:05","date_gmt":"2013-03-28T18:35:05","guid":{"rendered":"https:\/\/mv-gechingen.de\/?page_id=135"},"modified":"2022-07-30T12:59:04","modified_gmt":"2022-07-30T10:59:04","slug":"chronik","status":"publish","type":"page","link":"https:\/\/mv-gechingen.de\/?page_id=135","title":{"rendered":"Chronik"},"content":{"rendered":"\n<h2 class=\"wp-block-heading\">1877-heute<\/h2>\n\n\n\n<figure class=\"wp-block-table\"><table><tbody><tr><td>2022<\/td><td><img loading=\"lazy\" decoding=\"async\" width=\"435\" height=\"326\" class=\"wp-image-2477\" style=\"width: 435px;\" src=\"https:\/\/mv-gechingen.de\/wordpress_01\/wp-content\/uploads\/2022\/07\/IMG_2397-scaled.jpg\" alt=\"\" srcset=\"https:\/\/mv-gechingen.de\/wordpress_01\/wp-content\/uploads\/2022\/07\/IMG_2397-scaled.jpg 2560w, https:\/\/mv-gechingen.de\/wordpress_01\/wp-content\/uploads\/2022\/07\/IMG_2397-300x225.jpg 300w, https:\/\/mv-gechingen.de\/wordpress_01\/wp-content\/uploads\/2022\/07\/IMG_2397-1024x768.jpg 1024w, https:\/\/mv-gechingen.de\/wordpress_01\/wp-content\/uploads\/2022\/07\/IMG_2397-768x576.jpg 768w, https:\/\/mv-gechingen.de\/wordpress_01\/wp-content\/uploads\/2022\/07\/IMG_2397-1536x1152.jpg 1536w, https:\/\/mv-gechingen.de\/wordpress_01\/wp-content\/uploads\/2022\/07\/IMG_2397-2048x1536.jpg 2048w, https:\/\/mv-gechingen.de\/wordpress_01\/wp-content\/uploads\/2022\/07\/IMG_2397-400x300.jpg 400w\" sizes=\"(max-width: 435px) 100vw, 435px\" \/><br>Im Sommer kann der Musikverein endlich wieder Konzerte spielen und Veranstaltungen durchf\u00fchren.<\/td><\/tr><tr><td>2020<\/td><td>Gro\u00dfe Teile der Vereinsaktivit\u00e4ten m\u00fcssen aufgrund der Covid-19-Pandemie ruhen.<\/td><\/tr><tr><td>2019<\/td><td><img loading=\"lazy\" decoding=\"async\" width=\"435\" height=\"290\" class=\"wp-image-2490\" style=\"width: 435px;\" src=\"https:\/\/mv-gechingen.de\/wordpress_01\/wp-content\/uploads\/2022\/07\/prag-scaled.jpg\" alt=\"\" srcset=\"https:\/\/mv-gechingen.de\/wordpress_01\/wp-content\/uploads\/2022\/07\/prag-scaled.jpg 2560w, https:\/\/mv-gechingen.de\/wordpress_01\/wp-content\/uploads\/2022\/07\/prag-300x200.jpg 300w, https:\/\/mv-gechingen.de\/wordpress_01\/wp-content\/uploads\/2022\/07\/prag-1024x683.jpg 1024w, https:\/\/mv-gechingen.de\/wordpress_01\/wp-content\/uploads\/2022\/07\/prag-768x512.jpg 768w, https:\/\/mv-gechingen.de\/wordpress_01\/wp-content\/uploads\/2022\/07\/prag-1536x1024.jpg 1536w, https:\/\/mv-gechingen.de\/wordpress_01\/wp-content\/uploads\/2022\/07\/prag-2048x1365.jpg 2048w, https:\/\/mv-gechingen.de\/wordpress_01\/wp-content\/uploads\/2022\/07\/prag-450x300.jpg 450w\" sizes=\"(max-width: 435px) 100vw, 435px\" \/><br>Musikerreise nach Tschechien.<\/td><\/tr><tr><td>2014<\/td><td><img decoding=\"async\" src=\"https:\/\/www.mv-gechingen.de\/wordpress_01\/data\/chronik\/Chronik_2014_2.jpg\" alt=\"Chronik 2014\"><br>Stefan Schneider \u00fcbernimmt die Leitung des Gesamtorchesters<br>und wird Nachfolger von Daniel Heldmayer.<\/td><\/tr><tr><td>2014<\/td><td><img decoding=\"async\" src=\"https:\/\/www.mv-gechingen.de\/wordpress_01\/data\/chronik\/Chronik_2014_1.jpg\" alt=\"Chronik 2014\"><br>Musikerreise nach Griechenland auf die Insel Rhodos.<\/td><\/tr><tr><td>2014<\/td><td>Markus Dingler wird neuer 1. Vorsitzender des Musikvereins und Nachfolger von Frank Talmon l&#8217;Arm\u00e9e.<\/td><\/tr><tr><td>2013<\/td><td><img decoding=\"async\" src=\"https:\/\/www.mv-gechingen.de\/wordpress_01\/data\/chronik\/Chronik_2013.jpg\" alt=\"Chronik 2013\"><br>Am Sra\u00dfenfest 2013 findet der 1. MVG Lombakapella Wettbewerb statt. Die ersten Gewinner sind der J\u00e4gerbergbrass aus Althengstett.<\/td><\/tr><tr><td>2010<\/td><td><img decoding=\"async\" src=\"https:\/\/www.mv-gechingen.de\/wordpress_01\/data\/chronik\/Chronik_2010.jpg\" alt=\"Chronik 2010\"><br>Daniel Heldmayer \u00fcbernimmt nun die Leitung des Gesamtorchesters und wird Nachfolger von Anton Hirzle.<\/td><\/tr><tr><td>2009<\/td><td><img decoding=\"async\" src=\"https:\/\/www.mv-gechingen.de\/wordpress_01\/data\/chronik\/Chronik_2009.jpg\" alt=\"Chronik 2009\"><br>Daniel Heldmayer wird neuer Dirigent der Jugendkapelle Gechingen und l\u00f6st damit Achim Olbrich ab, der die Kapelle xx Jahre geleitet hat.<\/td><\/tr><tr><td>2008<\/td><td><img decoding=\"async\" src=\"https:\/\/www.mv-gechingen.de\/wordpress_01\/data\/chronik\/Chronik_2008.jpg\" alt=\"Chronik 2008\"><br>Einweihung der umgebauten und vergr\u00f6sserten Tenne am 14. September.<\/td><\/tr><tr><td>2007<\/td><td><img decoding=\"async\" src=\"https:\/\/www.mv-gechingen.de\/wordpress_01\/data\/chronik\/Chronik_2007.jpg\" alt=\"Chronik 2007\"><br>Der Musikverein Gechingen pr\u00e4sentiert musikalisch die Region Nordschwarzwald beim Sommerfest in der Berliner Landesvertretung.<\/td><\/tr><tr><td>2005<\/td><td><img decoding=\"async\" src=\"https:\/\/www.mv-gechingen.de\/wordpress_01\/data\/chronik\/Chronik_2005.jpg\" alt=\"Chronik 2005\"><br>Die Jugendkapelle des Musikverein Gechingen feiert ihr 50-j\u00e4hriges Jubil\u00e4um unter der Leitung von Herrn Achim Olbrich.<\/td><\/tr><tr><td>2002<\/td><td><img decoding=\"async\" src=\"https:\/\/www.mv-gechingen.de\/wordpress_01\/data\/chronik\/Chronik_2002.jpg\" alt=\"Chronik 2002\"><br>Der Musikverein Gechingen feiert sein 125-j\u00e4hriges Jubil\u00e4um.<\/td><\/tr><tr><td>2001<\/td><td><img decoding=\"async\" src=\"https:\/\/www.mv-gechingen.de\/wordpress_01\/data\/chronik\/Chronik_2001.jpg\" alt=\"Chronik 2001\"><br>Eine dreit\u00e4gige Reise f\u00fchrt den Musikverein nach Paris-Vitry, wo er Deutschland mit z\u00fcnftiger Marschmusik bei einer Parade vertritt.<\/td><\/tr><tr><td>1996<\/td><td>In diesem Jahr findet die vom Musikverein organisierte erste Kulinarische Wanderung statt.<\/td><\/tr><tr><td>1995<\/td><td><img decoding=\"async\" src=\"https:\/\/www.mv-gechingen.de\/wordpress_01\/data\/chronik\/Chronik_1995.jpg\" alt=\"Chronik 1995\"><br>Die Jugendkapelle hat ab diesem Jahr ihren eigenen Konzertnachmittag.<\/td><\/tr><tr><td>1994<\/td><td>Der Musikverein Gechingen und die Musikgesellschaft Kerzers feiern ihre 25-j\u00e4hrige Freundschaft.<\/td><\/tr><tr><td>1994<\/td><td><img decoding=\"async\" src=\"https:\/\/www.mv-gechingen.de\/wordpress_01\/data\/chronik\/Chronik_1994.jpg\" alt=\"Chronik 1994\"><br>Beim Sommerfest des Faschingsclubs Limmritz bestreitet der Musikverein seinen ersten Auftritt in den neuen Bundesl\u00e4ndern.<\/td><\/tr><tr><td>1993<\/td><td>Zum ersten Mal findet die \u201eModern Music Show\u201c statt.<\/td><\/tr><tr><td>1986<\/td><td>Der Musikverein spielt vor einem Bundesligaspiel des VfB Stuttgart im Neckarstadion, woraufhin dieser nat\u00fcrlich gewinnt.<\/td><\/tr><tr><td>1985<\/td><td>Der Verein reist zum ersten Mal nach England. In Luton gestaltet er einen Heimatabend des Edelwei\u00df-Clubs.<\/td><\/tr><tr><td>1983<\/td><td><img decoding=\"async\" src=\"https:\/\/www.mv-gechingen.de\/wordpress_01\/data\/chronik\/Chronik_1983.jpg\" alt=\"Chronik 1983\"><br>Der Musikverein reist zur \u201eGr\u00fcnen Woche\u201c nach Berlin.<\/td><\/tr><tr><td>1981<\/td><td>25-j\u00e4hriges Jubil\u00e4um der Gechinger Musiker-Fasnet.<\/td><\/tr><tr><td>1980<\/td><td>Zum ersten Mal organisiert der Musikverein das Stra\u00dfenfest in der Brunnenstra\u00dfe, das dann wegen schlechten Wetters in der Festhalle stattfinden muss.<\/td><\/tr><tr><td>1977<\/td><td><img decoding=\"async\" src=\"https:\/\/www.mv-gechingen.de\/wordpress_01\/data\/chronik\/Chronik_1977.jpg\" alt=\"Chronik 1977\"><br>Der Musikverein feiert sein 100-j\u00e4hriges Jubil\u00e4um.<\/td><\/tr><tr><td>1975<\/td><td>Der Musikverein vertritt die Bundesrepublik Deutschland im Auftrag des Deutschen Volksmusikbundes bei einem internationalen Folklorefest in Frankreich.<br>Ab diesem Jahr werden auch Frauen in den Musikverein Gechingen aktiv aufgenommen.<\/td><\/tr><tr><td>1973<\/td><td>Zum ersten Mal in der Vereinsgeschichte spielt der Musikverein in der Oberstufe und erringt beim Wertungsspiel einen 1. Rang.<\/td><\/tr><tr><td>1972<\/td><td>Im Juni werden die \u201eInternationalen Musiktage Gechingen\u201c vom Musikverein veranstaltet. Das Fest dauert vier Tage.<\/td><\/tr><tr><td>1971<\/td><td>Wegen \u00dcberalterung m\u00fcssen neue Instrumente angeschafft werden. Der Kostenaufwand betr\u00e4gt 40.000 DM<\/td><\/tr><tr><td>1969<\/td><td><img decoding=\"async\" src=\"https:\/\/www.mv-gechingen.de\/wordpress_01\/data\/chronik\/Chronik_1969.jpg\" alt=\"Chronik 1969\"><br>Beginn der Freundschaft mit der Musikgesellschaft Kerzers aus der Schweiz.<\/td><\/tr><tr><td>1967<\/td><td><img decoding=\"async\" src=\"\/data\/chronik\/Chronik_1967.jpg\" alt=\"Chronik 1967\"><br>Die Jugendkapelle unter der Leitung von Alfred Gehring.<\/td><\/tr><tr><td>1966<\/td><td>Die Jugendkapelle, unter der Leitung von Alfred Gehring, spielt zum ersten Mal au\u00dferhalb Gechingens in Salzstetten.<\/td><\/tr><tr><td>1966<\/td><td>Besuch der Schweizer Musikgesellschaft Stansstad mit einem internationalen Galakonzert in der Festhalle.<\/td><\/tr><tr><td>1960<\/td><td>Der Musikverein dreht den Gechinger Heimatfilm, der im Oktober uraufgef\u00fchrt wird.<\/td><\/tr><tr><td>1857<\/td><td>Zum ersten Mal findet ein vom Musikverein veranstalteter gro\u00dfer Faschingsball in der neu erstellen Festhalle statt.<\/td><\/tr><tr><td>1952<\/td><td><img decoding=\"async\" src=\"https:\/\/www.mv-gechingen.de\/wordpress_01\/data\/chronik\/Chronik_1952.jpg\" alt=\"Chronik 1952\"><br>Der Musikverein feiert sein 75-j\u00e4hriges Jubil\u00e4um und z\u00e4hlt 28 Mann.<\/td><\/tr><tr><td>1946<\/td><td>Neuaufbau des Vereins mit zur\u00fcckgekehrten Kriegsgefangenen und 11 jungen Musikern.<\/td><\/tr><tr><td>1939-1945<\/td><td>Im Laufe des Krieges m\u00fcssen fast alle Angeh\u00f6rigen des Vereins<br>einr\u00fccken oder sind dienstverpflichtet. 10 aktive und 3 passive Musiker fallen im Krieg.<\/td><\/tr><tr><td>1928<\/td><td><img decoding=\"async\" src=\"\/data\/chronik\/Chronik_1928.jpg\" alt=\"Chronik 1928\"><br>Der Verein tritt dem S\u00fcddeutschen Musikverband bei.<br>Der Musikverein Gechingen im Jahre 1928&lt; \/br&gt;<br>Von links nach rechts sitzend: A. B\u00f6ttinger, F. Schmid, Dirigent Battke, K. D\u00fcrr, H. Gehring<br>stehend: K. Schmid, R. Dingler, A. Dingler, G. Schwarz, A. Dingler, W. Gehring,<br>E. Breitling, P. Gehring, K. Riehm, W. Fischer, F. Schuhmacher, P. Breitling, W. Vetter,<br>W. B\u00f6ttinger, H. Wagner<\/td><\/tr><tr><td>1927<\/td><td><img decoding=\"async\" src=\"https:\/\/www.mv-gechingen.de\/wordpress_01\/data\/chronik\/Chronik_1927.jpg\" alt=\"Chronik 1927\"><br>Der Verein z\u00e4hlt jetzt 18 Mann und kann sein 50-j\u00e4hriges Bestehen feiern.<\/td><\/tr><tr><td>1921<\/td><td>Einige Musikfreunde finden sich zusammen und entschlie\u00dfen sich, wieder einen Musikverein aufzubauen. Es ist die Geburtsstunde des heutigen Musikvereins Gechingen e.V.<\/td><td>&nbsp;<\/td><\/tr><tr><td>1905<\/td><td>Die T\u00e4tigkeit der Kapelle ruht zun\u00e4chst, weil der Verein ausschlie\u00dflich aus alten Leuten besteht und neue Kr\u00e4fte nicht gewonnen werden k\u00f6nnen.<\/td><\/tr><tr><td>1878<\/td><td>Gechingen. Die Einwohnerschaft wurde am Sonntag Morgen angenehm \u00fcberrascht durch den Choral \u201cNun danket alle Gott\u201d vom Thurme geblasen von 6 B\u00fcrgern und B\u00fcrgers\u00f6hnen hie\u00dfiger Gemeinde, die das Bed\u00fcrfni\u00df mitempfanden, dem hie\u00dfigen Ort die Gen\u00fcsse einer Blechmusik zukommen zu lassen. Ein Freund der Musik gab die Mittel zu den sch\u00f6nen Instrumenten vorschu\u00dfweise ab, beteiligte sich selbst zu Zweit dabei und braucht sich der Lehrmeister, Dr. Speidel von Calw, an den Erfolgen seiner kurzen Anleitungszeit nicht zu sch\u00e4men.<\/td><\/tr><tr><td>1877<\/td><td>Die Musikkapelle Gechingen wird ins Leben gerufen.<br>Der Landwirt Georg Gehring finanziert den Kauf der ersten Instrumente.<\/td><\/tr><\/tbody><\/table><\/figure>\n","protected":false},"excerpt":{"rendered":"<p>1877-heute 2022 Im Sommer kann der Musikverein endlich wieder Konzerte spielen und Veranstaltungen durchf\u00fchren. 2020 Gro\u00dfe Teile der Vereinsaktivit\u00e4ten m\u00fcssen aufgrund der Covid-19-Pandemie ruhen. 2019 Musikerreise nach Tschechien. 2014 Stefan Schneider \u00fcbernimmt die Leitung des Gesamtorchestersund wird Nachfolger von Daniel &hellip; <a href=\"https:\/\/mv-gechingen.de\/?page_id=135\">Weiterlesen <span class=\"meta-nav\">&rarr;<\/span><\/a><\/p>\n","protected":false},"author":1,"featured_media":464,"parent":2,"menu_order":0,"comment_status":"closed","ping_status":"closed","template":"","meta":{"footnotes":""},"_links":{"self":[{"href":"https:\/\/mv-gechingen.de\/index.php?rest_route=\/wp\/v2\/pages\/135"}],"collection":[{"href":"https:\/\/mv-gechingen.de\/index.php?rest_route=\/wp\/v2\/pages"}],"about":[{"href":"https:\/\/mv-gechingen.de\/index.php?rest_route=\/wp\/v2\/types\/page"}],"author":[{"embeddable":true,"href":"https:\/\/mv-gechingen.de\/index.php?rest_route=\/wp\/v2\/users\/1"}],"replies":[{"embeddable":true,"href":"https:\/\/mv-gechingen.de\/index.php?rest_route=%2Fwp%2Fv2%2Fcomments&post=135"}],"version-history":[{"count":28,"href":"https:\/\/mv-gechingen.de\/index.php?rest_route=\/wp\/v2\/pages\/135\/revisions"}],"predecessor-version":[{"id":2491,"href":"https:\/\/mv-gechingen.de\/index.php?rest_route=\/wp\/v2\/pages\/135\/revisions\/2491"}],"up":[{"embeddable":true,"href":"https:\/\/mv-gechingen.de\/index.php?rest_route=\/wp\/v2\/pages\/2"}],"wp:featuredmedia":[{"embeddable":true,"href":"https:\/\/mv-gechingen.de\/index.php?rest_route=\/wp\/v2\/media\/464"}],"wp:attachment":[{"href":"https:\/\/mv-gechingen.de\/index.php?rest_route=%2Fwp%2Fv2%2Fmedia&parent=135"}],"curies":[{"name":"wp","href":"https:\/\/api.w.org\/{rel}","templated":true}]}}