{"id":1602,"date":"2017-01-05T14:42:30","date_gmt":"2017-01-05T13:42:30","guid":{"rendered":"https:\/\/mv-gechingen.de\/?page_id=1602"},"modified":"2025-02-07T13:56:08","modified_gmt":"2025-02-07T12:56:08","slug":"mitglied-werden","status":"publish","type":"page","link":"https:\/\/mv-gechingen.de\/?page_id=1602","title":{"rendered":"Mitglied werden"},"content":{"rendered":"<p><strong>Unterst\u00fctze den Musikverein Gechingen als f\u00f6rderndes Mitglied!<\/strong> \ud83c\udfb6<\/p>\n<p>Du m\u00f6chtest den Musikverein Gechingen unterst\u00fctzen und zur F\u00f6rderung der Musik in unserer Gemeinde beitragen? Dann werde f\u00f6rderndes Mitglied! Mit deinem Beitrag hilfst du uns, die musikalische Tradition zu bewahren und unsere Nachwuchsarbeit zu st\u00e4rken.<\/p>\n<p>Den Mitgliedsantrag kannst du ganz einfach per Mail an <strong><a rel=\"noopener\">kassenverwaltung@mv-gechingen.de <\/a><\/strong>senden oder per Brief in den Briefkasten unseres 1. Vorsitzenden Frank Talmon l&#8217;Arm\u00e9e im <strong>Schlehenweg 14, 75391 Gechingen<\/strong> einwerfen.<\/p>\n<p>Vielen Dank f\u00fcr deine Unterst\u00fctzung! \ud83c\udfba\ud83e\udd41\ud83c\udfb7<\/p>\n<p><em>Den Mitgliedsantrag zum Ausf\u00fcllen und Unterschreiben findest Du hier:<\/em><\/p>\n<p><a href=\"https:\/\/mv-gechingen.de\/wordpress_01\/wp-content\/uploads\/2025\/02\/Mitgliedsantrag-Foerderndes-Mitglied.pdf\">Mitgliedsantrag F\u00f6rderndes Mitglied<\/a><\/p>\n\n\n<figure class=\"wp-block-image size-large\"><a href=\"https:\/\/mv-gechingen.de\/wordpress_01\/wp-content\/uploads\/2024\/11\/Probe-Gesamtorchester-scaled.jpg\"><img loading=\"lazy\" decoding=\"async\" width=\"1024\" height=\"768\" src=\"https:\/\/mv-gechingen.de\/wordpress_01\/wp-content\/uploads\/2024\/11\/Probe-Gesamtorchester-1024x768.jpg\" alt=\"\" class=\"wp-image-2689\" srcset=\"https:\/\/mv-gechingen.de\/wordpress_01\/wp-content\/uploads\/2024\/11\/Probe-Gesamtorchester-1024x768.jpg 1024w, https:\/\/mv-gechingen.de\/wordpress_01\/wp-content\/uploads\/2024\/11\/Probe-Gesamtorchester-300x225.jpg 300w, https:\/\/mv-gechingen.de\/wordpress_01\/wp-content\/uploads\/2024\/11\/Probe-Gesamtorchester-768x576.jpg 768w, https:\/\/mv-gechingen.de\/wordpress_01\/wp-content\/uploads\/2024\/11\/Probe-Gesamtorchester-1536x1152.jpg 1536w, https:\/\/mv-gechingen.de\/wordpress_01\/wp-content\/uploads\/2024\/11\/Probe-Gesamtorchester-2048x1536.jpg 2048w, https:\/\/mv-gechingen.de\/wordpress_01\/wp-content\/uploads\/2024\/11\/Probe-Gesamtorchester-400x300.jpg 400w\" sizes=\"(max-width: 1024px) 100vw, 1024px\" \/><\/a><\/figure>\n","protected":false},"excerpt":{"rendered":"<p>Unterst\u00fctze den Musikverein Gechingen als f\u00f6rderndes Mitglied! \ud83c\udfb6 Du m\u00f6chtest den Musikverein Gechingen unterst\u00fctzen und zur F\u00f6rderung der Musik in unserer Gemeinde beitragen? Dann werde f\u00f6rderndes Mitglied! Mit deinem Beitrag hilfst du uns, die musikalische Tradition zu bewahren und unsere &hellip; <a href=\"https:\/\/mv-gechingen.de\/?page_id=1602\">Weiterlesen <span class=\"meta-nav\">&rarr;<\/span><\/a><\/p>\n","protected":false},"author":1,"featured_media":0,"parent":2,"menu_order":0,"comment_status":"closed","ping_status":"closed","template":"","meta":{"footnotes":""},"_links":{"self":[{"href":"https:\/\/mv-gechingen.de\/index.php?rest_route=\/wp\/v2\/pages\/1602"}],"collection":[{"href":"https:\/\/mv-gechingen.de\/index.php?rest_route=\/wp\/v2\/pages"}],"about":[{"href":"https:\/\/mv-gechingen.de\/index.php?rest_route=\/wp\/v2\/types\/page"}],"author":[{"embeddable":true,"href":"https:\/\/mv-gechingen.de\/index.php?rest_route=\/wp\/v2\/users\/1"}],"replies":[{"embeddable":true,"href":"https:\/\/mv-gechingen.de\/index.php?rest_route=%2Fwp%2Fv2%2Fcomments&post=1602"}],"version-history":[{"count":6,"href":"https:\/\/mv-gechingen.de\/index.php?rest_route=\/wp\/v2\/pages\/1602\/revisions"}],"predecessor-version":[{"id":2746,"href":"https:\/\/mv-gechingen.de\/index.php?rest_route=\/wp\/v2\/pages\/1602\/revisions\/2746"}],"up":[{"embeddable":true,"href":"https:\/\/mv-gechingen.de\/index.php?rest_route=\/wp\/v2\/pages\/2"}],"wp:attachment":[{"href":"https:\/\/mv-gechingen.de\/index.php?rest_route=%2Fwp%2Fv2%2Fmedia&parent=1602"}],"curies":[{"name":"wp","href":"https:\/\/api.w.org\/{rel}","templated":true}]}}