{"id":19,"date":"2013-01-27T21:45:22","date_gmt":"2013-01-27T21:45:22","guid":{"rendered":"https:\/\/mv-gechingen.de\/?page_id=19"},"modified":"2026-02-12T16:25:58","modified_gmt":"2026-02-12T15:25:58","slug":"jugend","status":"publish","type":"page","link":"https:\/\/mv-gechingen.de\/?page_id=19","title":{"rendered":"Musikerjugend Gechingen"},"content":{"rendered":"\n<p>Eine fundierte Jugendarbeit und musikalische Fr\u00fcherziehung ist uns beim Musikverein Gechingen ganz besonders wichtig. Sie ist der Grundstein f\u00fcr ein in die Zukunft gerichtetes und erfolgreiches Vereinsleben. Deshalb haben wir es zu unserer Aufgabe gemacht, den musikalischen Weg jedes einzelnen Jungmusikers aus unseren Reihen individuell zu gestalten.<\/p>\n\n\n\n<p>Eine qualifizierte, solide und kosteng\u00fcnstige Ausbildung zu garantieren ist uns genauso wichtig wie das St\u00e4rken von Vereinslebens, Freundschaft, gemeinsames Musizieren und Zusammengeh\u00f6rigkeit unter den Jugendlichen.<\/p>\n\n\n\n<p><strong>Unsere Ziele:<\/strong><\/p>\n\n\n\n<ul>\n<li>unseren Jungmusikern ein erf\u00fcllendes Hobby schenken<\/li>\n\n\n\n<li>Freundschaft und Selbstvertrauen st\u00e4rken<\/li>\n\n\n\n<li>das Miteinander unter den Kindern und Jugendlichen f\u00f6rdern<\/li>\n\n\n\n<li>Spa\u00df an der Musik und am gemeinsamen Musizieren vermitteln<\/li>\n<\/ul>\n\n\n\n<p>So individuell jeder von uns ist, so individuelle sind auch die Einstiegsm\u00f6glichkeit in die musikalische Laufbahn beim Musikverein Gechingen. Je nach Vorkenntnisse, Alter und Interessen gibt es verschiedene Gruppen und Angebote.<\/p>\n\n\n\n<figure class=\"wp-block-table\"><table><tbody><tr><td>&nbsp;<img loading=\"lazy\" decoding=\"async\" class=\"size-full wp-image-405 alignnone\" src=\"http:\/\/mv-gechingen.de\/wordpress_01\/wp-content\/uploads\/2014\/01\/icon_note.jpg\" alt=\"\" width=\"100\" height=\"70\"><\/td><td><a title=\"Musikalische Ausbildung\" href=\"https:\/\/www.mv-gechingen.de\/?page_id=257\">musikalische Ausbildung<\/a><\/td><\/tr><tr><td>&nbsp;<img loading=\"lazy\" decoding=\"async\" class=\"size-full wp-image-1576 alignnone\" src=\"http:\/\/mv-gechingen.de\/wordpress_01\/wp-content\/uploads\/2012\/11\/icon_musikerjugend.jpg\" alt=\"\" width=\"100\" height=\"70\"><\/td><td><a title=\"Jugendgruppe\" href=\"https:\/\/www.mv-gechingen.de\/?page_id=266\">Jugendgruppe<\/a><\/td><\/tr><tr><td>&nbsp;<img loading=\"lazy\" decoding=\"async\" class=\"wp-image-1576 size-full alignnone\" src=\"http:\/\/mv-gechingen.de\/wordpress_01\/wp-content\/uploads\/2012\/11\/icon_musikerjugend.jpg\" width=\"100\" height=\"70\"><\/td><td><a title=\"Jugendkapelle\" href=\"https:\/\/www.mv-gechingen.de\/?page_id=268\">Jugendkapelle<\/a><\/td><\/tr><tr><td>&nbsp;<img loading=\"lazy\" decoding=\"async\" class=\"size-full wp-image-1374 alignnone\" src=\"http:\/\/mv-gechingen.de\/wordpress_01\/wp-content\/uploads\/2016\/08\/icon_cajon.jpg\" alt=\"\" width=\"100\" height=\"70\"><\/td><td><a title=\"Cajon und Blockfl\u00f6te\" href=\"https:\/\/www.mv-gechingen.de\/?page_id=1339\">Cajon- und Blockf\u00f6tenunterricht<\/a><\/td><\/tr><tr><td>&nbsp;<img loading=\"lazy\" decoding=\"async\" class=\"size-full wp-image-1373 alignnone\" src=\"http:\/\/mv-gechingen.de\/wordpress_01\/wp-content\/uploads\/2016\/08\/icon_blaeserklasse.jpg\" alt=\"\" width=\"100\" height=\"70\"><\/td><td><a title=\"Kooperation Schule\/Verein\" href=\"https:\/\/www.mv-gechingen.de\/?page_id=1337\">Kooperation Bl\u00e4serklasse Realschule Althengstett<\/a><\/td><\/tr><\/tbody><\/table><\/figure>\n\n\n\n<figure class=\"wp-block-table\"><table><tbody><tr><td>&nbsp;<\/td><td><br><h3>Ihr ansprechpartner<\/h3><br><p><strong>Marvin Welte \/ Tina D&#8217;Aiera<\/strong><br><a href=\"mailto:jugendleitung@mv-gechingen.de\">jugendleitung@mv-gechingen.de<\/a><\/p><br><\/td><\/tr><\/tbody><\/table><\/figure>\n\n\n\n<p><\/p>\n","protected":false},"excerpt":{"rendered":"<p>Eine fundierte Jugendarbeit und musikalische Fr\u00fcherziehung ist uns beim Musikverein Gechingen ganz besonders wichtig. Sie ist der Grundstein f\u00fcr ein in die Zukunft gerichtetes und erfolgreiches Vereinsleben. Deshalb haben wir es zu unserer Aufgabe gemacht, den musikalischen Weg jedes einzelnen &hellip; <a href=\"https:\/\/mv-gechingen.de\/?page_id=19\">Weiterlesen <span class=\"meta-nav\">&rarr;<\/span><\/a><\/p>\n","protected":false},"author":1,"featured_media":452,"parent":0,"menu_order":0,"comment_status":"closed","ping_status":"closed","template":"","meta":{"footnotes":""},"_links":{"self":[{"href":"https:\/\/mv-gechingen.de\/index.php?rest_route=\/wp\/v2\/pages\/19"}],"collection":[{"href":"https:\/\/mv-gechingen.de\/index.php?rest_route=\/wp\/v2\/pages"}],"about":[{"href":"https:\/\/mv-gechingen.de\/index.php?rest_route=\/wp\/v2\/types\/page"}],"author":[{"embeddable":true,"href":"https:\/\/mv-gechingen.de\/index.php?rest_route=\/wp\/v2\/users\/1"}],"replies":[{"embeddable":true,"href":"https:\/\/mv-gechingen.de\/index.php?rest_route=%2Fwp%2Fv2%2Fcomments&post=19"}],"version-history":[{"count":29,"href":"https:\/\/mv-gechingen.de\/index.php?rest_route=\/wp\/v2\/pages\/19\/revisions"}],"predecessor-version":[{"id":2870,"href":"https:\/\/mv-gechingen.de\/index.php?rest_route=\/wp\/v2\/pages\/19\/revisions\/2870"}],"wp:featuredmedia":[{"embeddable":true,"href":"https:\/\/mv-gechingen.de\/index.php?rest_route=\/wp\/v2\/media\/452"}],"wp:attachment":[{"href":"https:\/\/mv-gechingen.de\/index.php?rest_route=%2Fwp%2Fv2%2Fmedia&parent=19"}],"curies":[{"name":"wp","href":"https:\/\/api.w.org\/{rel}","templated":true}]}}