{"id":264,"date":"2014-01-02T22:20:57","date_gmt":"2014-01-02T22:20:57","guid":{"rendered":"https:\/\/mv-gechingen.de\/?page_id=264"},"modified":"2026-02-12T16:30:42","modified_gmt":"2026-02-12T15:30:42","slug":"freizeitaktivitaten","status":"publish","type":"page","link":"https:\/\/mv-gechingen.de\/?page_id=264","title":{"rendered":"Freizeitaktivit\u00e4ten"},"content":{"rendered":"\n<h2 class=\"wp-block-heading\">Spa\u00df fernab der Musik!<\/h2>\n\n\n\n<p>Genauso wichtig wie die Ausbildung am Instrument und das gemeinsame Musizieren in der Jugendgruppe und Jugendkapelle, sind uns die gemeinsamen Freizeitaktivit\u00e4ten, bei denen sich die Kinder und Jugendlichen kennen lernen und gemeinsam Spa\u00df haben k\u00f6nnen. Unser j\u00e4hrlicher Ausflug hat uns bereits zum Klettern in den Schwarzwald, zum Kanufahren auf dem Neckar, in den Europapark oder in die Bavaria Filmstudios nach M\u00fcnchen gef\u00fchrt. Das Jugendteam des MVG ist dabei immer bem\u00fcht neue Ideen f\u00fcr Ausfl\u00fcge zu sammeln, bei denen auch die Jugendlichen ihre W\u00fcnsche einbringen. Dabei geht es nicht nur darum, die Zusammengeh\u00f6rigkeit zu f\u00f6rdern, auch der Spa\u00df soll auf keinen Fall zu kurz kommen.<\/p>\n\n\n\n<p>Neben dem j\u00e4hrlichen Ausflug, gibt es noch mehrere kleine Freizeitaktivit\u00e4ten, wie zum Beispiel eine Weihnachtsfeier, oder ein Grillfest im Sommer.<\/p>\n\n\n\n<figure class=\"wp-block-table\"><table><tbody><tr><td><\/td><td><br><h3>Unser Jugendteam<\/h3><br><p><strong>Marvin Welte \/ Tina D&#8217;Aiera<\/strong><br><br><a href=\"mailto:jugendleitung@mv-gechingen.de\">jugendleiter@mv-gechingen.de<\/a><\/p><\/td><\/tr><\/tbody><\/table><\/figure>\n","protected":false},"excerpt":{"rendered":"<p>Spa\u00df fernab der Musik! Genauso wichtig wie die Ausbildung am Instrument und das gemeinsame Musizieren in der Jugendgruppe und Jugendkapelle, sind uns die gemeinsamen Freizeitaktivit\u00e4ten, bei denen sich die Kinder und Jugendlichen kennen lernen und gemeinsam Spa\u00df haben k\u00f6nnen. Unser &hellip; <a href=\"https:\/\/mv-gechingen.de\/?page_id=264\">Weiterlesen <span class=\"meta-nav\">&rarr;<\/span><\/a><\/p>\n","protected":false},"author":1,"featured_media":1045,"parent":19,"menu_order":0,"comment_status":"closed","ping_status":"closed","template":"","meta":{"footnotes":""},"_links":{"self":[{"href":"https:\/\/mv-gechingen.de\/index.php?rest_route=\/wp\/v2\/pages\/264"}],"collection":[{"href":"https:\/\/mv-gechingen.de\/index.php?rest_route=\/wp\/v2\/pages"}],"about":[{"href":"https:\/\/mv-gechingen.de\/index.php?rest_route=\/wp\/v2\/types\/page"}],"author":[{"embeddable":true,"href":"https:\/\/mv-gechingen.de\/index.php?rest_route=\/wp\/v2\/users\/1"}],"replies":[{"embeddable":true,"href":"https:\/\/mv-gechingen.de\/index.php?rest_route=%2Fwp%2Fv2%2Fcomments&post=264"}],"version-history":[{"count":12,"href":"https:\/\/mv-gechingen.de\/index.php?rest_route=\/wp\/v2\/pages\/264\/revisions"}],"predecessor-version":[{"id":2873,"href":"https:\/\/mv-gechingen.de\/index.php?rest_route=\/wp\/v2\/pages\/264\/revisions\/2873"}],"up":[{"embeddable":true,"href":"https:\/\/mv-gechingen.de\/index.php?rest_route=\/wp\/v2\/pages\/19"}],"wp:featuredmedia":[{"embeddable":true,"href":"https:\/\/mv-gechingen.de\/index.php?rest_route=\/wp\/v2\/media\/1045"}],"wp:attachment":[{"href":"https:\/\/mv-gechingen.de\/index.php?rest_route=%2Fwp%2Fv2%2Fmedia&parent=264"}],"curies":[{"name":"wp","href":"https:\/\/api.w.org\/{rel}","templated":true}]}}