{"id":273,"date":"2014-01-02T22:23:22","date_gmt":"2014-01-02T22:23:22","guid":{"rendered":"https:\/\/mv-gechingen.de\/?page_id=273"},"modified":"2026-02-12T16:46:40","modified_gmt":"2026-02-12T15:46:40","slug":"die-modern-music-show","status":"publish","type":"page","link":"https:\/\/mv-gechingen.de\/?page_id=273","title":{"rendered":"Modern Music Show"},"content":{"rendered":"\n<p>Die Modern Music Show ist seit mehr als 30 Jahren das Highlight im Veranstaltungskalender des Musikvereins Gechingen. Jedes Jahr im Mai werden unter verschiedensten Mottos Musikstile aus den Richtungen: Rock, Pop, Soul, Blues und Swing pr\u00e4sentiert. Das besondere daran; die Musikst\u00fccke werden nicht von einer konventionellen Rock-Band gespielt sonderm vom Blasmusikrchester des Musikvereins. Unterst\u00fctzt wird das Orchester von E-Gitarre, Bass und Keyboard.<\/p>\n\n\n\n<p>Insgesamt arbeiten \u00fcber 70 engagierte Musikerinnen und Musiker, S\u00e4ngerinnen und S\u00e4nger, sowie mehrere Licht-, und Tontechniker an der Umsetzung dieser spektakul\u00e4ren Show.<\/p>\n\n\n\n<p>Die Proben f\u00fcr den Event beginnen bereits im Januar. Um den Besuchern eine sehenswerte Show unter h\u00f6chsten musikalischen Anspr\u00fcchen bieten zu k\u00f6nnen, wird das Programm in \u00fcber hundert Probenstunden einstudiert. Am Ende steht eine abwechslungsreiche Show mit Gesang, Licht, sowie zahlreichen Solo-Einlagen.<\/p>\n\n\n\n<p>Was klein angefangen hat ist heute ein ausgedehnter Show-Event geworden. Die Gechinger Gemeindehalle f\u00fcllt sich bereits seit mehreren Jahren an zwei aufeinander folgenden Konzert Abenden. Dabei k\u00f6nnen jedes Jahr \u00fcber 800 Besucher die Show erleben. Die gro\u00dfe Resonanz und die durchweg positiven Stimmen zeigen dem Musikverein Gechingen und Dirigent Stefan Schneider, sowie Initiator Anton Hirzle, dass sich der gro\u00dfe Aufwand lohnt.<\/p>\n\n\n\n<figure class=\"wp-block-embed is-type-video is-provider-youtube wp-block-embed-youtube wp-embed-aspect-16-9 wp-has-aspect-ratio\"><div class=\"wp-block-embed__wrapper\">\n<iframe loading=\"lazy\" title=\"Euphoria - Loreen | Modern Music Show 2017 | Musikverein Gechingen | Cover\" width=\"584\" height=\"329\" src=\"https:\/\/www.youtube.com\/embed\/-Z-8nm7INNk?feature=oembed\" frameborder=\"0\" allow=\"accelerometer; autoplay; clipboard-write; encrypted-media; gyroscope; picture-in-picture; web-share\" referrerpolicy=\"strict-origin-when-cross-origin\" allowfullscreen><\/iframe>\n<\/div><\/figure>\n\n\n\n<p>Noch mehr Videos auf unserem <a title=\"MV Gechingen Youtube Kanal\" href=\"https:\/\/www.youtube.com\/channel\/UCmyaOA3aysl7doBfoVyJ99w\">Youtube Kanal<\/a>.<\/p>\n\n\n\n<figure class=\"wp-block-table\"><table><tbody><tr><td><\/td><td><br><h3>n\u00e4chsteR Termin<\/h3><br><h1>Modern Music Show 2026<br><br><strong>13.\/15.\/16. Mai<br><br><\/strong><\/h1><br><p>Jetzt Karten sichern unter: <strong>vvk@mv-gechingen.de<\/strong><\/p><\/td><\/tr><\/tbody><\/table><\/figure>\n","protected":false},"excerpt":{"rendered":"<p>Die Modern Music Show ist seit mehr als 30 Jahren das Highlight im Veranstaltungskalender des Musikvereins Gechingen. Jedes Jahr im Mai werden unter verschiedensten Mottos Musikstile aus den Richtungen: Rock, Pop, Soul, Blues und Swing pr\u00e4sentiert. Das besondere daran; die &hellip; <a href=\"https:\/\/mv-gechingen.de\/?page_id=273\">Weiterlesen <span class=\"meta-nav\">&rarr;<\/span><\/a><\/p>\n","protected":false},"author":1,"featured_media":1036,"parent":341,"menu_order":0,"comment_status":"closed","ping_status":"closed","template":"","meta":{"footnotes":""},"_links":{"self":[{"href":"https:\/\/mv-gechingen.de\/index.php?rest_route=\/wp\/v2\/pages\/273"}],"collection":[{"href":"https:\/\/mv-gechingen.de\/index.php?rest_route=\/wp\/v2\/pages"}],"about":[{"href":"https:\/\/mv-gechingen.de\/index.php?rest_route=\/wp\/v2\/types\/page"}],"author":[{"embeddable":true,"href":"https:\/\/mv-gechingen.de\/index.php?rest_route=\/wp\/v2\/users\/1"}],"replies":[{"embeddable":true,"href":"https:\/\/mv-gechingen.de\/index.php?rest_route=%2Fwp%2Fv2%2Fcomments&post=273"}],"version-history":[{"count":42,"href":"https:\/\/mv-gechingen.de\/index.php?rest_route=\/wp\/v2\/pages\/273\/revisions"}],"predecessor-version":[{"id":2879,"href":"https:\/\/mv-gechingen.de\/index.php?rest_route=\/wp\/v2\/pages\/273\/revisions\/2879"}],"up":[{"embeddable":true,"href":"https:\/\/mv-gechingen.de\/index.php?rest_route=\/wp\/v2\/pages\/341"}],"wp:featuredmedia":[{"embeddable":true,"href":"https:\/\/mv-gechingen.de\/index.php?rest_route=\/wp\/v2\/media\/1036"}],"wp:attachment":[{"href":"https:\/\/mv-gechingen.de\/index.php?rest_route=%2Fwp%2Fv2%2Fmedia&parent=273"}],"curies":[{"name":"wp","href":"https:\/\/api.w.org\/{rel}","templated":true}]}}