{"id":341,"date":"2014-01-03T23:56:07","date_gmt":"2014-01-03T23:56:07","guid":{"rendered":"https:\/\/mv-gechingen.de\/?page_id=341"},"modified":"2017-11-04T10:53:35","modified_gmt":"2017-11-04T09:53:35","slug":"veranstaltungentermine","status":"publish","type":"page","link":"https:\/\/mv-gechingen.de\/?page_id=341","title":{"rendered":"Veranstaltungen \/ Termine"},"content":{"rendered":"<h2>volkst\u00fcmlich.modern.sinfonisch &#8230;das ist der Musikverein Gechingen.<\/h2>\n<p>Auf den folgenden Seiten finden Sie Informationen \u00fcber unsere regelm\u00e4\u00dfigen Veranstaltungen und Konzert, sowie eine termin\u00fcbersicht unserer n\u00e4chsten Termine.<\/p>\n<table>\n<tbody>\n<tr>\n<td style=\"width: 120px;\">\u00a0<img loading=\"lazy\" decoding=\"async\" class=\"size-full wp-image-433 alignnone\" src=\"http:\/\/mv-gechingen.de\/wordpress_01\/wp-content\/uploads\/2014\/01\/icon_kalender.jpg\" alt=\"\" width=\"100\" height=\"70\" \/><\/td>\n<td>\u00a0<a title=\"Terminkalender\" href=\"https:\/\/www.mv-gechingen.de\/?page_id=25\">Termine<\/a><\/td>\n<\/tr>\n<tr>\n<td>\u00a0<img loading=\"lazy\" decoding=\"async\" class=\"size-full wp-image-426 alignnone\" src=\"http:\/\/mv-gechingen.de\/wordpress_01\/wp-content\/uploads\/2014\/01\/icon_mms.jpg\" alt=\"\" width=\"100\" height=\"70\" \/><\/td>\n<td>\u00a0<a title=\"Die Modern Music Show\" href=\"https:\/\/www.mv-gechingen.de\/?page_id=273\">Modern Music Show<\/a><\/td>\n<\/tr>\n<tr>\n<td>\u00a0<img loading=\"lazy\" decoding=\"async\" class=\"size-full wp-image-1375 alignnone\" src=\"http:\/\/mv-gechingen.de\/wordpress_01\/wp-content\/uploads\/2016\/08\/icon_strassenfest.jpg\" alt=\"\" width=\"100\" height=\"70\" \/><\/td>\n<td><a title=\"Gechinger Stra\u00dfenfest\" href=\"https:\/\/www.mv-gechingen.de\/?page_id=275\">\u00a0Gechinger Stra\u00dfenfest<\/a><\/td>\n<\/tr>\n<tr>\n<td>\u00a0<img loading=\"lazy\" decoding=\"async\" class=\"size-full wp-image-425 alignnone\" src=\"http:\/\/mv-gechingen.de\/wordpress_01\/wp-content\/uploads\/2014\/01\/icon_konzert.jpg\" alt=\"\" width=\"100\" height=\"70\" \/><\/td>\n<td><a title=\"sinfonisches Jahreskonzert\" href=\"https:\/\/www.mv-gechingen.de\/?page_id=277\">Jahreskonzert<\/a><\/td>\n<\/tr>\n<\/tbody>\n<\/table>\n<p>&nbsp;<\/p>\n","protected":false},"excerpt":{"rendered":"<p>volkst\u00fcmlich.modern.sinfonisch &#8230;das ist der Musikverein Gechingen. Auf den folgenden Seiten finden Sie Informationen \u00fcber unsere regelm\u00e4\u00dfigen Veranstaltungen und Konzert, sowie eine termin\u00fcbersicht unserer n\u00e4chsten Termine. \u00a0 \u00a0Termine \u00a0 \u00a0Modern Music Show \u00a0 \u00a0Gechinger Stra\u00dfenfest \u00a0 Jahreskonzert &nbsp;<\/p>\n","protected":false},"author":1,"featured_media":446,"parent":0,"menu_order":0,"comment_status":"closed","ping_status":"closed","template":"","meta":{"footnotes":""},"_links":{"self":[{"href":"https:\/\/mv-gechingen.de\/index.php?rest_route=\/wp\/v2\/pages\/341"}],"collection":[{"href":"https:\/\/mv-gechingen.de\/index.php?rest_route=\/wp\/v2\/pages"}],"about":[{"href":"https:\/\/mv-gechingen.de\/index.php?rest_route=\/wp\/v2\/types\/page"}],"author":[{"embeddable":true,"href":"https:\/\/mv-gechingen.de\/index.php?rest_route=\/wp\/v2\/users\/1"}],"replies":[{"embeddable":true,"href":"https:\/\/mv-gechingen.de\/index.php?rest_route=%2Fwp%2Fv2%2Fcomments&post=341"}],"version-history":[{"count":18,"href":"https:\/\/mv-gechingen.de\/index.php?rest_route=\/wp\/v2\/pages\/341\/revisions"}],"predecessor-version":[{"id":1793,"href":"https:\/\/mv-gechingen.de\/index.php?rest_route=\/wp\/v2\/pages\/341\/revisions\/1793"}],"wp:featuredmedia":[{"embeddable":true,"href":"https:\/\/mv-gechingen.de\/index.php?rest_route=\/wp\/v2\/media\/446"}],"wp:attachment":[{"href":"https:\/\/mv-gechingen.de\/index.php?rest_route=%2Fwp%2Fv2%2Fmedia&parent=341"}],"curies":[{"name":"wp","href":"https:\/\/api.w.org\/{rel}","templated":true}]}}