{"id":78,"date":"2013-03-10T13:01:20","date_gmt":"2013-03-10T13:01:20","guid":{"rendered":"https:\/\/mv-gechingen.de\/?page_id=78"},"modified":"2024-06-16T10:20:26","modified_gmt":"2024-06-16T08:20:26","slug":"das-gesamtorchester","status":"publish","type":"page","link":"https:\/\/mv-gechingen.de\/?page_id=78","title":{"rendered":"Schleheng\u00e4umusikanten"},"content":{"rendered":"<h2>Das Gesamtorchester<\/h2>\n<p>Die Schleheng\u00e4umusikanten bilden das aktive Gesamtorchester des Musikvereins Gechingen. Das Orchester z\u00e4hlt derzeit \u00fcber 60 Musikerinnen und Musiker.<\/p>\n<p>Zu den musikalischen H\u00f6hepunkten geh\u00f6ren zwei Konzerte im Jahr: Im Fr\u00fchjahr die legend\u00e4re <a title=\"Die Modern Music Show\" href=\"https:\/\/www.mv-gechingen.de\/?page_id=273\">Modern Music Show<\/a>, in der wir Musik aus den Richtungen Rock, Pop, Swing und Soul pr\u00e4sentieren. Das ganze verpackt in einer spektakul\u00e4ren Show mit Gesang, Licht, und Showeinlagen. Im Dezember unser <a title=\"sinfonisches Jahreskonzert\" href=\"https:\/\/www.mv-gechingen.de\/?page_id=277\">Jahreskonzert<\/a>, in dem wir uns anspruchsvoller, konzertanter Musik widmen.<\/p>\n<p>Neben den beiden Konzerten f\u00fcllen zahlreiche Auftritte unseren musikalischen Terminkalender. Z\u00fcnftig in Lederhose und der passenden volkst\u00fcmlichen Blasmusik treten wir auf verschiedenen Stadtfesten und Umz\u00fcgen auf.<\/p>\n<p>Neben den musikalischen Herausforderungen meistern wir auch eigene Veranstaltungen, wie das zweit\u00e4gige <a title=\"Gechinger Stra\u00dfenfest\" href=\"https:\/\/www.mv-gechingen.de\/?page_id=275\">Stra\u00dfenfest<\/a> in Gechingen. Gemeinsame Unternehmungen und Ausfl\u00fcge geh\u00f6ren neben der w\u00f6chentlichen Probenarbeit auch zu unserem lebendigen Vereinsleben.<\/p>\n<table>\n<tbody>\n<tr>\n<td><\/td>\n<td>\n<h3>Ihr ansprechpartner<\/h3>\n<p><strong>Frank Talmon l&#8217;Arm\u00e9e<br \/>\n<\/strong><a href=\"mailto:info@mv-gechingen.de\">info@mv-gechingen.de<\/a><\/p>\n<h3>MUSIKALISCHE Leitung<\/h3>\n<h2>Stefan Schneider<\/h2>\n<\/td>\n<\/tr>\n<\/tbody>\n<\/table>\n<p>&nbsp;<\/p>\n","protected":false},"excerpt":{"rendered":"<p>Das Gesamtorchester Die Schleheng\u00e4umusikanten bilden das aktive Gesamtorchester des Musikvereins Gechingen. Das Orchester z\u00e4hlt derzeit \u00fcber 60 Musikerinnen und Musiker. Zu den musikalischen H\u00f6hepunkten geh\u00f6ren zwei Konzerte im Jahr: Im Fr\u00fchjahr die legend\u00e4re Modern Music Show, in der wir Musik &hellip; <a href=\"https:\/\/mv-gechingen.de\/?page_id=78\">Weiterlesen <span class=\"meta-nav\">&rarr;<\/span><\/a><\/p>\n","protected":false},"author":1,"featured_media":1336,"parent":2,"menu_order":0,"comment_status":"closed","ping_status":"closed","template":"","meta":{"footnotes":""},"_links":{"self":[{"href":"https:\/\/mv-gechingen.de\/index.php?rest_route=\/wp\/v2\/pages\/78"}],"collection":[{"href":"https:\/\/mv-gechingen.de\/index.php?rest_route=\/wp\/v2\/pages"}],"about":[{"href":"https:\/\/mv-gechingen.de\/index.php?rest_route=\/wp\/v2\/types\/page"}],"author":[{"embeddable":true,"href":"https:\/\/mv-gechingen.de\/index.php?rest_route=\/wp\/v2\/users\/1"}],"replies":[{"embeddable":true,"href":"https:\/\/mv-gechingen.de\/index.php?rest_route=%2Fwp%2Fv2%2Fcomments&post=78"}],"version-history":[{"count":39,"href":"https:\/\/mv-gechingen.de\/index.php?rest_route=\/wp\/v2\/pages\/78\/revisions"}],"predecessor-version":[{"id":2651,"href":"https:\/\/mv-gechingen.de\/index.php?rest_route=\/wp\/v2\/pages\/78\/revisions\/2651"}],"up":[{"embeddable":true,"href":"https:\/\/mv-gechingen.de\/index.php?rest_route=\/wp\/v2\/pages\/2"}],"wp:featuredmedia":[{"embeddable":true,"href":"https:\/\/mv-gechingen.de\/index.php?rest_route=\/wp\/v2\/media\/1336"}],"wp:attachment":[{"href":"https:\/\/mv-gechingen.de\/index.php?rest_route=%2Fwp%2Fv2%2Fmedia&parent=78"}],"curies":[{"name":"wp","href":"https:\/\/api.w.org\/{rel}","templated":true}]}}